{"id":436,"date":"2024-08-19T11:48:41","date_gmt":"2024-08-19T10:48:41","guid":{"rendered":"https:\/\/reservation.voyavisa.com\/?page_id=436"},"modified":"2024-11-06T15:26:00","modified_gmt":"2024-11-06T15:26:00","slug":"north-cyprus","status":"publish","type":"page","link":"https:\/\/reservation.voyavisa.com\/index.php\/north-cyprus\/","title":{"rendered":"North Cyprus"},"content":{"rendered":"\n<p><strong><u>PLEASE READ THE INFORMATION BELOW CAREFULLY.<\/u><\/strong><\/p>\n\n\n\n<p><strong><u>YOU HAVE TO BRING ALL THE NECESSARY DOCUMENTS WITH YOU WHEN YOU ATTEND TO SUBMIT YOUR APPLICATION, OTHERWISE WE CAN\u2019T TAKE YOUR APPLICATION UNFORTUNATELY.<\/u><\/strong><\/p>\n\n\n\n<p>Please be advised that you are responsible to attend at least&nbsp;<strong>15-30 days BEFORE&nbsp;<\/strong>your intended date of travel and be aware that our Office is a pre application center and nobody in our Office has the authority to consider your visa application.<\/p>\n\n\n\n<p>We would like to inform you that we are processing all Turkish Visa applications in person at our Office in Lefko\u015fa. Our address is \u015eehit Aziz G\u00fcner Sokak no:16 kumsal\/Lefko\u015fa. Our opening hours are 9:00 am till 5:00 pm.<\/p>\n\n\n\n<p>You won\u2019t be needing any appointments for our Office, you can come and apply as soon as you have the requirements.<\/p>\n\n\n\n<p>General list of document requirements for a tourist visa (Please be aware that this may vary depending on different visa types etc. however, you may use it as a guideline to prepare your documents)<\/p>\n\n\n\n<h3 class=\"wp-block-heading has-custom-color-1-color has-text-color has-link-color wp-elements-374f893d1338e3949b1a9827a403b074\"><strong>TOURIST VISA \u2013 TRANSIT VISA<\/strong><\/h3>\n\n\n\n<ol class=\"wp-block-list\">\n<li>Passport or travel document (The Passport should be valid for at least 6 Month that the date of Visa application and the passport must have at least one blank page.)<\/li>\n<\/ol>\n\n\n\n<ol start=\"2\" class=\"wp-block-list\">\n<li>Passport copy (all pages of the passport except empty pages.)<\/li>\n<\/ol>\n\n\n\n<ol start=\"3\" class=\"wp-block-list\">\n<li>Conviction record certificate from TRNC police.<\/li>\n<\/ol>\n\n\n\n<ol start=\"4\" class=\"wp-block-list\">\n<li>Entry-exit report from TRNC police.<\/li>\n<\/ol>\n\n\n\n<ol start=\"5\" class=\"wp-block-list\">\n<li>One biometric photograph. (5\u00d76 cm)<\/li>\n<\/ol>\n\n\n\n<ol start=\"6\" class=\"wp-block-list\">\n<li>Valid Residence Permit (Student permit, Working Permit etc.)<\/li>\n<\/ol>\n\n\n\n<ol start=\"7\" class=\"wp-block-list\">\n<li><strong>FOR STUDENTS<\/strong>&nbsp;Original new dated student letter\/ graduation certificate.<\/li>\n<\/ol>\n\n\n\n<p><strong>FOR WORKERS&nbsp;<\/strong>A letter from your working place that states you are a worker in the company, and you want to use permission for your travel to Turkey.<\/p>\n\n\n\n<ol start=\"8\" class=\"wp-block-list\">\n<li>Turkish or Cyprus Bank account statement (you should have at least $50 in your account statement for per day you\u2019ll be in Turkey.) (Make sure your bank account statement is signed and stamped from your bank. Print outs and receipts will not be accepted.)<\/li>\n<\/ol>\n\n\n\n<ol start=\"9\" class=\"wp-block-list\">\n<li>Confirmed hotel reservation. (can be obtained by our Office.) or an invitation letter from family or friends that is prepared by the notary.<\/li>\n<\/ol>\n\n\n\n<ol start=\"10\" class=\"wp-block-list\">\n<li>Confirmed flight reservation. (can be obtained by our Office.) Bought tickets will not be considered as emergency or any different than your reservations so please DO NOT BUY AN ACTUAL FLIGHT TICKET.<\/li>\n<\/ol>\n\n\n\n<ol start=\"11\" class=\"wp-block-list\">\n<li>Confirmed Travel insurance. (Travel insurance is necessary and has to get done in our office, Travel insurances from outside our office will not be accepted.)<\/li>\n<\/ol>\n\n\n\n<p class=\"has-custom-color-1-color has-text-color has-link-color has-large-font-size wp-elements-63698a143ce4ce2d56fb2e81f3b06433\"><strong>EDUCATION VISA<\/strong><\/p>\n\n\n\n<ol class=\"wp-block-list\">\n<li>Passport or travel document (The Passport should be valid for at least 6 Month that the date of Visa application and the passport must have at least one blank page.)<\/li>\n\n\n\n<li>Passport copy (all pages of the passport except empty pages.)<\/li>\n\n\n\n<li>Conviction record certificate from TRNC police.<\/li>\n\n\n\n<li>Entry-exit report from TRNC police.<\/li>\n\n\n\n<li>One biometric photograph. (5&#215;6 cm)<\/li>\n\n\n\n<li>Valid Residence Permit (Student permit, Working Permit etc.)<\/li>\n\n\n\n<li>FOR STUDENTS Original new dated student letter\/ graduation certificate.\/ acceptance letter from the school in Turkey.<br>FOR WORKERS A letter from your working place that states you are a worker in the company and you want to use permission for your travel to Turkey \/ acceptance letter from the school in Turkey.<\/li>\n\n\n\n<li>Turkish or Cyprus Bank account statement (you should have at least $4500 in your account statement for per day you\u2019ll be in Turkey.) (make sure your bank account statement is signed and stamped from your bank. Print outs and receipts will not be accepted.)<\/li>\n\n\n\n<li>Health report: Blood test HIV (AIDS), HEPAT\u0130T B (HBV), HEPAT\u0130T C (HCV), HPV S\u0130F\u0130L\u0130Z, GENITAL HERPES, etc\u2026<\/li>\n\n\n\n<li>Comfirmed hotel reservation. (can be obtained by our Office.) or an invitation letter from family or friends that is prepared by the notery.<\/li>\n\n\n\n<li>Confirmed flight reservation. (can be obtained by our Office.) Bought tickets will not be concidered as emergency or any different than your reservations so please DO NOT BUY AN ACTUAL FLIGHT TICKET.<\/li>\n\n\n\n<li>Confirmed Travel insurance. (Travel insurance is necessary and has to get done in our office, Travel insurances from outside our office will not be accepted.)<br>*VISA FEES ARE PREPAID AND CANNOT BE REFUNDED EVEN IF THE APPLICATION \u0130S NEGATIVE.<\/li>\n<\/ol>\n\n\n\n<p class=\"has-custom-color-1-color has-base-background-color has-text-color has-background has-link-color has-large-font-size wp-elements-703f6c2c743f29aedb016de3e3f3db8e\"><strong>WORKING VISA<\/strong><\/p>\n\n\n\n<ol class=\"wp-block-list\">\n<li>Passport or travel document<\/li>\n\n\n\n<li>(Original, signed passport valid for at least 6 months beyond stay, and with at least one blank visa page available for visa stamp(s)<\/li>\n\n\n\n<li>Passport copy (all the pages of the passport that have seal and visas)<\/li>\n\n\n\n<li>Conviction Record Certificate from TRNC police<\/li>\n\n\n\n<li>Entry-exit report from TRNC police<\/li>\n\n\n\n<li>One biometric photograph (5X6cm)<\/li>\n\n\n\n<li>FOR STUDENTS Original new dated student letter\/ graduation certificate.<br>FOR WORKERS A letter from your working place that states you are a worker in the company and you want to use permission for your travel to Turkey.<\/li>\n\n\n\n<li>Turkish or Cyprus Bank account statement (you should have at least $50 in your account statement for per day you\u2019ll be in Turkey.) (make sure your bank account statement is signed and stamped from your bank. Print outs and receipts will not be accepted.)<\/li>\n\n\n\n<li>Employment contract signed by Employer and Employee in Turkey<\/li>\n\n\n\n<li>Comfirmed hotel reservation. (can be obtained by our Office.) or an invitation letter from family or friends that is prepared by the notery.<\/li>\n\n\n\n<li>Confirmed flight reservation. (can be obtained by our Office.) Bought tickets will not be concidered as emergency or any different than your reservations so please DO NOT BUY AN ACTUAL FLIGHT TICKET.<\/li>\n\n\n\n<li>Confirmed Travel insurance. (Travel insurance is necessary and has to get done in our office, Travel insurances from outside our office will not be accepted.)<\/li>\n<\/ol>\n\n\n\n<p class=\"has-custom-color-1-color has-text-color has-link-color has-large-font-size wp-elements-04479e6d19b5ae4ddfd76f45a346d98d\"><strong>TRNC TRANSIT VISA<\/strong><\/p>\n\n\n\n<ol class=\"wp-block-list\">\n<li>Passport or travel document (The Passport should be valid for at least 6 Month that the date of Visa application and the passport must have at least one blank page.)<\/li>\n\n\n\n<li>Passport copy (all pages of the passport except empty pages.)<\/li>\n\n\n\n<li>Conviction record certificate from TRNC police.<\/li>\n\n\n\n<li>One biometric photograph. (5&#215;6 cm)<\/li>\n\n\n\n<li>Valid Residence Permit (Student permit, Working Permit etc.)<\/li>\n\n\n\n<li>FOR STUDENTS Original new dated student letter\/ graduation certificate and Transcript.<br>FOR WORKERS A letter from your working place that states you are a worker in the company, and you want to use permission for your travel to Turkey.<\/li>\n\n\n\n<li>Bought Flight ticket to the country you\u2019re traveling. (Your visa for the traveling country.)<\/li>\n<\/ol>\n\n\n\n<p><strong>*VISA FEES ARE PREPAID AND CANNOT BE REFUNDED EVEN IF THE APPLICATION \u0130S NEGATIVE. OUR OFFICE ONLY ACCEPTS EUROS. OTHER CURRENCIES WON\u2019T BE ACCEPTED.<\/strong><\/p>\n\n\n\n<figure class=\"wp-block-image aligncenter\"><img decoding=\"async\" src=\"https:\/\/web.archive.org\/web\/20230511171318im_\/https:\/\/reservation.voyavisa.com\/wp-content\/uploads\/2023\/01\/KKTC-Ucret.jpg\" alt=\"\" class=\"wp-image-1193\"\/><\/figure>\n","protected":false},"excerpt":{"rendered":"<p>PLEASE READ THE INFORMATION BELOW CAREFULLY. YOU HAVE TO BRING ALL THE NECESSARY DOCUMENTS WITH YOU WHEN YOU ATTEND TO SUBMIT YOUR APPLICATION, OTHERWISE WE CAN\u2019T TAKE YOUR APPLICATION UNFORTUNATELY. Please be advised that you are responsible to attend at least&nbsp;15-30 days BEFORE&nbsp;your intended date of travel and be aware that our Office is a [&hellip;]<\/p>\n","protected":false},"author":1,"featured_media":0,"parent":0,"menu_order":0,"comment_status":"closed","ping_status":"closed","template":"","meta":{"footnotes":""},"class_list":["post-436","page","type-page","status-publish","hentry"],"_links":{"self":[{"href":"https:\/\/reservation.voyavisa.com\/index.php\/wp-json\/wp\/v2\/pages\/436","targetHints":{"allow":["GET"]}}],"collection":[{"href":"https:\/\/reservation.voyavisa.com\/index.php\/wp-json\/wp\/v2\/pages"}],"about":[{"href":"https:\/\/reservation.voyavisa.com\/index.php\/wp-json\/wp\/v2\/types\/page"}],"author":[{"embeddable":true,"href":"https:\/\/reservation.voyavisa.com\/index.php\/wp-json\/wp\/v2\/users\/1"}],"replies":[{"embeddable":true,"href":"https:\/\/reservation.voyavisa.com\/index.php\/wp-json\/wp\/v2\/comments?post=436"}],"version-history":[{"count":12,"href":"https:\/\/reservation.voyavisa.com\/index.php\/wp-json\/wp\/v2\/pages\/436\/revisions"}],"predecessor-version":[{"id":1164,"href":"https:\/\/reservation.voyavisa.com\/index.php\/wp-json\/wp\/v2\/pages\/436\/revisions\/1164"}],"wp:attachment":[{"href":"https:\/\/reservation.voyavisa.com\/index.php\/wp-json\/wp\/v2\/media?parent=436"}],"curies":[{"name":"wp","href":"https:\/\/api.w.org\/{rel}","templated":true}]}}