{"id":1150,"date":"2024-11-06T13:28:30","date_gmt":"2024-11-06T13:28:30","guid":{"rendered":"https:\/\/reservation.voyavisa.com\/?page_id=1150"},"modified":"2024-11-06T13:28:30","modified_gmt":"2024-11-06T13:28:30","slug":"cameroon","status":"publish","type":"page","link":"https:\/\/reservation.voyavisa.com\/index.php\/cameroon\/","title":{"rendered":"CAMEROON"},"content":{"rendered":"\n<p><strong><u>LES DOCUMENT REQUIS POUR OBTENIR LE VISA TURC<\/u><\/strong><\/p>\n\n\n\n<h6 class=\"wp-block-heading\" id=\"tw-target-text\"><strong>Visa \u00e0 entr\u00e9e unique 83$ + 70$ de frais de service + 14$ de TVA<\/strong><\/h6>\n\n\n\n<h6 class=\"wp-block-heading\"><strong>Entr\u00e9es multiples 201&nbsp;$ + 70&nbsp;$ de frais de service + 14&nbsp;$ de TVA<\/strong><\/h6>\n\n\n\n<p><strong><u>NOTA BENE*:<\/u><\/strong>&nbsp;Le rendez-vous pour la demande de visa \u00e0 l\u2019Ambassade Turquie se prend en ligne via le&nbsp;www.visa.gov.tr&nbsp;<strong>OU<\/strong>&nbsp;www.konsolosluk.gov.tr<\/p>\n\n\n\n<p>Veuillez vous assurer d\u2019avoir t\u00e9l\u00e9charg\u00e9 correctement les documents appropri\u00e9s (la photo est au format&nbsp;jpeg&nbsp;ET toute autre document au format&nbsp;pdf). Ceux d\u2019entre vous qui n\u2019ont pas de lettre d\u2019invitation doivent t\u00e9l\u00e9charger leur dossier fiscal (Patente. Carte de contribuable. Registre du commerce) au format pdf.<\/p>\n\n\n\n<p>Quelle que soit l\u2019heure de votre rendez-vous, soyez pr\u00e9sent entre&nbsp;10h et 11h&nbsp;pour \u00e9viter les impr\u00e9vus de derni\u00e8re minute.<\/p>\n\n\n\n<p>11 est recommand\u00e9 de soumettre la demande de Visa deux semaines avant la date de d\u00e9part pour \u00e9viter les inconv\u00e9nients.<\/p>\n\n\n\n<p>La demande de Visa \u00e0 l\u2019ambassade Turquie se fait en personne,&nbsp;de lundi \u00e0 mercredi entre 10h \u00e0 12h,&nbsp;les dossiers incomplets ne seront pas accept\u00e9s. Le formulaire de demande de Visa peut \u00eatre t\u00e9l\u00e9charg\u00e9 via le site&nbsp;www.mfa.gov.tr<\/p>\n\n\n\n<p><strong>POUR LES FOOTBALLEURS<\/strong><strong>&nbsp;<\/strong><\/p>\n\n\n\n<ol class=\"wp-block-list\">\n<li>Formulaire de demande de visa d\u00fbment rempli et sign\u00e9 avec une photo en pi\u00e8ce (remplir toutes les espaces sur le formulaire)<\/li>\n\n\n\n<li>Une copie de la page du passeport sur laquelle votre photo se trouve.<\/li>\n\n\n\n<li>Une lettre d\u2019invitation du Club (svp die doit \u00eatre l\u2019original envoy\u00e9e par courrier).<\/li>\n\n\n\n<li>Assurance voyage (avec pour validit\u00e9 3 mois). Originale ET photocopie.<\/li>\n\n\n\n<li>R\u00e9servation du vol, Original.<\/li>\n\n\n\n<li>R\u00e9servation d\u2019h\u00f4tel. Original<\/li>\n\n\n\n<li>Autorisation de sortie signe par la FECAFOOT, Original ET photocopie.<\/li>\n\n\n\n<li>La licence du jouer. Original ET photocopie.<\/li>\n\n\n\n<li>Une attestation de domiciliation bancaire personnelle sign\u00e9e par un cadre de la banque, Originale ET photocopie.<\/li>\n\n\n\n<li>La rel\u00e8ve de compte bancaire personnel. Originaux ET photocopies.<\/li>\n\n\n\n<li>Une autorisation parentale \u00e9tablie \u00e0 la police judiciaire si le joueur a moins de 18 ans.<\/li>\n<\/ol>\n\n\n\n<p><strong><u>Les, non-camerounais devraient soumettre leur permis de s\u00e9jour au Cameroun<\/u><\/strong><\/p>\n","protected":false},"excerpt":{"rendered":"<p>LES DOCUMENT REQUIS POUR OBTENIR LE VISA TURC Visa \u00e0 entr\u00e9e unique 83$ + 70$ de frais de service + 14$ de TVA Entr\u00e9es multiples 201&nbsp;$ + 70&nbsp;$ de frais de service + 14&nbsp;$ de TVA NOTA BENE*:&nbsp;Le rendez-vous pour la demande de visa \u00e0 l\u2019Ambassade Turquie se prend en ligne via le&nbsp;www.visa.gov.tr&nbsp;OU&nbsp;www.konsolosluk.gov.tr Veuillez vous [&hellip;]<\/p>\n","protected":false},"author":1,"featured_media":0,"parent":0,"menu_order":0,"comment_status":"closed","ping_status":"closed","template":"","meta":{"footnotes":""},"class_list":["post-1150","page","type-page","status-publish","hentry"],"_links":{"self":[{"href":"https:\/\/reservation.voyavisa.com\/index.php\/wp-json\/wp\/v2\/pages\/1150","targetHints":{"allow":["GET"]}}],"collection":[{"href":"https:\/\/reservation.voyavisa.com\/index.php\/wp-json\/wp\/v2\/pages"}],"about":[{"href":"https:\/\/reservation.voyavisa.com\/index.php\/wp-json\/wp\/v2\/types\/page"}],"author":[{"embeddable":true,"href":"https:\/\/reservation.voyavisa.com\/index.php\/wp-json\/wp\/v2\/users\/1"}],"replies":[{"embeddable":true,"href":"https:\/\/reservation.voyavisa.com\/index.php\/wp-json\/wp\/v2\/comments?post=1150"}],"version-history":[{"count":1,"href":"https:\/\/reservation.voyavisa.com\/index.php\/wp-json\/wp\/v2\/pages\/1150\/revisions"}],"predecessor-version":[{"id":1151,"href":"https:\/\/reservation.voyavisa.com\/index.php\/wp-json\/wp\/v2\/pages\/1150\/revisions\/1151"}],"wp:attachment":[{"href":"https:\/\/reservation.voyavisa.com\/index.php\/wp-json\/wp\/v2\/media?parent=1150"}],"curies":[{"name":"wp","href":"https:\/\/api.w.org\/{rel}","templated":true}]}}